{"id":3507,"date":"2022-01-20T10:29:06","date_gmt":"2022-01-20T08:29:06","guid":{"rendered":"https:\/\/clinicavilarrasa.com\/nosotros\/"},"modified":"2022-01-20T10:29:07","modified_gmt":"2022-01-20T08:29:07","slug":"nosotros","status":"publish","type":"page","link":"https:\/\/clinicavilarrasa.com\/es\/nosotros\/","title":{"rendered":"Nosotros"},"content":{"rendered":"\t\t<div data-elementor-type=\"wp-page\" data-elementor-id=\"3507\" class=\"elementor elementor-3507 elementor-1561\" data-elementor-post-type=\"page\">\n\t\t\t\t\t\t<section class=\"elementor-section elementor-top-section elementor-element elementor-element-e106305 elementor-section-height-min-height elementor-section-boxed elementor-section-height-default elementor-section-items-middle\" data-id=\"e106305\" data-element_type=\"section\" data-e-type=\"section\" data-settings=\"{&quot;background_background&quot;:&quot;classic&quot;}\">\n\t\t\t\t\t\t\t<div class=\"elementor-background-overlay\"><\/div>\n\t\t\t\t\t\t\t<div class=\"elementor-container elementor-column-gap-default\">\n\t\t\t\t\t<div class=\"elementor-column elementor-col-100 elementor-top-column elementor-element elementor-element-8f3ccb1\" data-id=\"8f3ccb1\" data-element_type=\"column\" data-e-type=\"column\">\n\t\t\t<div class=\"elementor-widget-wrap elementor-element-populated\">\n\t\t\t\t\t\t<div class=\"elementor-element elementor-element-e157e67 elementor-widget elementor-widget-heading\" data-id=\"e157e67\" data-element_type=\"widget\" data-e-type=\"widget\" data-widget_type=\"heading.default\">\n\t\t\t\t<div class=\"elementor-widget-container\">\n\t\t\t\t\t<h1 class=\"elementor-heading-title elementor-size-default\">Nosotros<\/h1>\t\t\t\t<\/div>\n\t\t\t\t<\/div>\n\t\t\t\t<div class=\"elementor-element elementor-element-a9d4273 elementor-widget elementor-widget-text-editor\" data-id=\"a9d4273\" data-element_type=\"widget\" data-e-type=\"widget\" data-widget_type=\"text-editor.default\">\n\t\t\t\t<div class=\"elementor-widget-container\">\n\t\t\t\t\t\t\t\t\t<p>Razones por las que nos escogen<\/p>\n\t\t\t\t\t\t\t\t<\/div>\n\t\t\t\t<\/div>\n\t\t\t\t<div class=\"elementor-element elementor-element-ce04d8e elementor-align-center elementor-widget elementor-widget-button\" data-id=\"ce04d8e\" data-element_type=\"widget\" data-e-type=\"widget\" data-widget_type=\"button.default\">\n\t\t\t\t<div class=\"elementor-widget-container\">\n\t\t\t\t\t\t\t\t\t<div class=\"elementor-button-wrapper\">\n\t\t\t\t\t<a class=\"elementor-button elementor-button-link elementor-size-sm\" href=\"#elementor-action%3Aaction%3Dpopup%3Aopen%26settings%3DeyJpZCI6MzA5NywidG9nZ2xlIjpmYWxzZX0%3D\">\n\t\t\t\t\t\t<span class=\"elementor-button-content-wrapper\">\n\t\t\t\t\t\t\t\t\t<span class=\"elementor-button-text\">Ver video de presentaci\u00f3n<\/span>\n\t\t\t\t\t<\/span>\n\t\t\t\t\t<\/a>\n\t\t\t\t<\/div>\n\t\t\t\t\t\t\t\t<\/div>\n\t\t\t\t<\/div>\n\t\t\t\t\t<\/div>\n\t\t<\/div>\n\t\t\t\t\t<\/div>\n\t\t<\/section>\n\t\t\t\t<section class=\"elementor-section elementor-top-section elementor-element elementor-element-7a38e8c elementor-section-boxed elementor-section-height-default elementor-section-height-default\" data-id=\"7a38e8c\" data-element_type=\"section\" data-e-type=\"section\" data-settings=\"{&quot;background_background&quot;:&quot;gradient&quot;}\">\n\t\t\t\t\t\t<div class=\"elementor-container elementor-column-gap-default\">\n\t\t\t\t\t<div class=\"elementor-column elementor-col-100 elementor-top-column elementor-element elementor-element-f21a997\" data-id=\"f21a997\" data-element_type=\"column\" data-e-type=\"column\">\n\t\t\t<div class=\"elementor-widget-wrap elementor-element-populated\">\n\t\t\t\t\t\t<section class=\"elementor-section elementor-inner-section elementor-element elementor-element-c8bf025 elementor-section-boxed elementor-section-height-default elementor-section-height-default\" data-id=\"c8bf025\" data-element_type=\"section\" data-e-type=\"section\">\n\t\t\t\t\t\t<div class=\"elementor-container elementor-column-gap-wider\">\n\t\t\t\t\t<div class=\"elementor-column elementor-col-50 elementor-inner-column elementor-element elementor-element-f259ed4\" data-id=\"f259ed4\" data-element_type=\"column\" data-e-type=\"column\">\n\t\t\t<div class=\"elementor-widget-wrap elementor-element-populated\">\n\t\t\t\t\t\t<div class=\"elementor-element elementor-element-fbcf458 elementor-position-left animated-slow elementor-vertical-align-top elementor-invisible elementor-widget elementor-widget-image-box\" data-id=\"fbcf458\" data-element_type=\"widget\" data-e-type=\"widget\" data-settings=\"{&quot;_animation&quot;:&quot;fadeIn&quot;}\" data-widget_type=\"image-box.default\">\n\t\t\t\t<div class=\"elementor-widget-container\">\n\t\t\t\t\t<div class=\"elementor-image-box-wrapper\"><figure class=\"elementor-image-box-img\"><img fetchpriority=\"high\" decoding=\"async\" width=\"800\" height=\"800\" src=\"https:\/\/clinicavilarrasa.com\/wp-content\/uploads\/2021\/06\/tradicion-familiar-1024x1024.jpg\" class=\"attachment-large size-large wp-image-956\" alt=\"cl\u00ednica dental\" srcset=\"https:\/\/clinicavilarrasa.com\/wp-content\/uploads\/2021\/06\/tradicion-familiar.jpg 1024w, https:\/\/clinicavilarrasa.com\/wp-content\/uploads\/2021\/06\/tradicion-familiar-300x300.jpg 300w, https:\/\/clinicavilarrasa.com\/wp-content\/uploads\/2021\/06\/tradicion-familiar-150x150.jpg 150w, https:\/\/clinicavilarrasa.com\/wp-content\/uploads\/2021\/06\/tradicion-familiar-768x768.jpg 768w\" sizes=\"(max-width: 800px) 100vw, 800px\" \/><\/figure><div class=\"elementor-image-box-content\"><h3 class=\"elementor-image-box-title\">Tradici\u00f3n familiar   <\/h3><p class=\"elementor-image-box-description\">Somos una cl\u00ednica dental de tradici\u00f3n familiar que siempre hemos sido fieles a nuestros valores en todos nuestros a\u00f1os de trayectoria. Desde el a\u00f1o 1993 y durante m\u00e1s de dos d\u00e9cadas con el Dr. Jordi Vilarrasa Adam, como en la actualidad con sus dos hijos, el Dr. Jordi Vilarrasa y Dr. Javi Vilarrasa.<\/p><\/div><\/div>\t\t\t\t<\/div>\n\t\t\t\t<\/div>\n\t\t\t\t\t<\/div>\n\t\t<\/div>\n\t\t\t\t<div class=\"elementor-column elementor-col-50 elementor-inner-column elementor-element elementor-element-e38d85d\" data-id=\"e38d85d\" data-element_type=\"column\" data-e-type=\"column\">\n\t\t\t<div class=\"elementor-widget-wrap elementor-element-populated\">\n\t\t\t\t\t\t<div class=\"elementor-element elementor-element-835bf13 elementor-position-left animated-slow elementor-vertical-align-top elementor-invisible elementor-widget elementor-widget-image-box\" data-id=\"835bf13\" data-element_type=\"widget\" data-e-type=\"widget\" data-settings=\"{&quot;_animation&quot;:&quot;fadeIn&quot;}\" data-widget_type=\"image-box.default\">\n\t\t\t\t<div class=\"elementor-widget-container\">\n\t\t\t\t\t<div class=\"elementor-image-box-wrapper\"><figure class=\"elementor-image-box-img\"><img decoding=\"async\" width=\"800\" height=\"800\" src=\"https:\/\/clinicavilarrasa.com\/wp-content\/uploads\/2021\/07\/DSC2118-1024x1024.jpg\" class=\"attachment-large size-large wp-image-2576\" alt=\"\" srcset=\"https:\/\/clinicavilarrasa.com\/wp-content\/uploads\/2021\/07\/DSC2118-1024x1024.jpg 1024w, https:\/\/clinicavilarrasa.com\/wp-content\/uploads\/2021\/07\/DSC2118-300x300.jpg 300w, https:\/\/clinicavilarrasa.com\/wp-content\/uploads\/2021\/07\/DSC2118-150x150.jpg 150w, https:\/\/clinicavilarrasa.com\/wp-content\/uploads\/2021\/07\/DSC2118-768x768.jpg 768w, https:\/\/clinicavilarrasa.com\/wp-content\/uploads\/2021\/07\/DSC2118-1536x1536.jpg 1536w, https:\/\/clinicavilarrasa.com\/wp-content\/uploads\/2021\/07\/DSC2118-2048x2048.jpg 2048w\" sizes=\"(max-width: 800px) 100vw, 800px\" \/><\/figure><div class=\"elementor-image-box-content\"><h3 class=\"elementor-image-box-title\">TRATO HUMANO<\/h3><p class=\"elementor-image-box-description\">Los valores de honradez, profesionalidad, confianza, vanguardia, proximidad y empat\u00eda con el paciente son los que nos avalan y luchamos por mantenerlos d\u00eda y d\u00eda. Porque tu satisfacci\u00f3n es nuestra principal motivaci\u00f3n y nuestra mejor recompensa es tu mejor sonrisa.<\/p><\/div><\/div>\t\t\t\t<\/div>\n\t\t\t\t<\/div>\n\t\t\t\t\t<\/div>\n\t\t<\/div>\n\t\t\t\t\t<\/div>\n\t\t<\/section>\n\t\t\t\t<section class=\"elementor-section elementor-inner-section elementor-element elementor-element-56d7446 elementor-section-boxed elementor-section-height-default elementor-section-height-default\" data-id=\"56d7446\" data-element_type=\"section\" data-e-type=\"section\">\n\t\t\t\t\t\t<div class=\"elementor-container elementor-column-gap-wider\">\n\t\t\t\t\t<div class=\"elementor-column elementor-col-50 elementor-inner-column elementor-element elementor-element-b4e468c\" data-id=\"b4e468c\" data-element_type=\"column\" data-e-type=\"column\">\n\t\t\t<div class=\"elementor-widget-wrap elementor-element-populated\">\n\t\t\t\t\t\t<div class=\"elementor-element elementor-element-2ccfc19 elementor-position-left animated-slow elementor-vertical-align-top elementor-invisible elementor-widget elementor-widget-image-box\" data-id=\"2ccfc19\" data-element_type=\"widget\" data-e-type=\"widget\" data-settings=\"{&quot;_animation&quot;:&quot;fadeIn&quot;}\" data-widget_type=\"image-box.default\">\n\t\t\t\t<div class=\"elementor-widget-container\">\n\t\t\t\t\t<div class=\"elementor-image-box-wrapper\"><figure class=\"elementor-image-box-img\"><img decoding=\"async\" width=\"800\" height=\"800\" src=\"https:\/\/clinicavilarrasa.com\/wp-content\/uploads\/2021\/06\/profesionales-especializados-1024x1024.jpg\" class=\"attachment-large size-large wp-image-966\" alt=\"\" srcset=\"https:\/\/clinicavilarrasa.com\/wp-content\/uploads\/2021\/06\/profesionales-especializados.jpg 1024w, https:\/\/clinicavilarrasa.com\/wp-content\/uploads\/2021\/06\/profesionales-especializados-300x300.jpg 300w, https:\/\/clinicavilarrasa.com\/wp-content\/uploads\/2021\/06\/profesionales-especializados-150x150.jpg 150w, https:\/\/clinicavilarrasa.com\/wp-content\/uploads\/2021\/06\/profesionales-especializados-768x768.jpg 768w\" sizes=\"(max-width: 800px) 100vw, 800px\" \/><\/figure><div class=\"elementor-image-box-content\"><h3 class=\"elementor-image-box-title\">Profesionales especializados<\/h3><p class=\"elementor-image-box-description\">Somos especialistas en diferentes vertientes de la odontolog\u00eda formados en masters y posgrados de 3 a\u00f1os de duraci\u00f3n de reconocimiento internacional. Ser especialistas nos permite diagnosticar y tratar a nuestros pacientes de forma m\u00e1s precisa y efectiva.<\/p><\/div><\/div>\t\t\t\t<\/div>\n\t\t\t\t<\/div>\n\t\t\t\t\t<\/div>\n\t\t<\/div>\n\t\t\t\t<div class=\"elementor-column elementor-col-50 elementor-inner-column elementor-element elementor-element-ba63664\" data-id=\"ba63664\" data-element_type=\"column\" data-e-type=\"column\">\n\t\t\t<div class=\"elementor-widget-wrap elementor-element-populated\">\n\t\t\t\t\t\t<div class=\"elementor-element elementor-element-1392b70 elementor-position-left animated-slow elementor-vertical-align-top elementor-invisible elementor-widget elementor-widget-image-box\" data-id=\"1392b70\" data-element_type=\"widget\" data-e-type=\"widget\" data-settings=\"{&quot;_animation&quot;:&quot;fadeIn&quot;}\" data-widget_type=\"image-box.default\">\n\t\t\t\t<div class=\"elementor-widget-container\">\n\t\t\t\t\t<div class=\"elementor-image-box-wrapper\"><figure class=\"elementor-image-box-img\"><img loading=\"lazy\" decoding=\"async\" width=\"800\" height=\"800\" src=\"https:\/\/clinicavilarrasa.com\/wp-content\/uploads\/2021\/06\/trabajo-en-equipo-1024x1024.jpg\" class=\"attachment-large size-large wp-image-967\" alt=\"\" srcset=\"https:\/\/clinicavilarrasa.com\/wp-content\/uploads\/2021\/06\/trabajo-en-equipo.jpg 1024w, https:\/\/clinicavilarrasa.com\/wp-content\/uploads\/2021\/06\/trabajo-en-equipo-300x300.jpg 300w, https:\/\/clinicavilarrasa.com\/wp-content\/uploads\/2021\/06\/trabajo-en-equipo-150x150.jpg 150w, https:\/\/clinicavilarrasa.com\/wp-content\/uploads\/2021\/06\/trabajo-en-equipo-768x768.jpg 768w\" sizes=\"(max-width: 800px) 100vw, 800px\" \/><\/figure><div class=\"elementor-image-box-content\"><h3 class=\"elementor-image-box-title\">Trabajo en equipo<\/h3><p class=\"elementor-image-box-description\">Todo un equipo de dentistas especializados, higienistas, auxiliares y recepcionistas formamos Vilarrasa Cl\u00ednica Dental. La comunicaci\u00f3n y reuniones entre profesionales de la cl\u00ednica nos permiten tener una visi\u00f3n de equipo y resolver las situaciones cl\u00ednicas desde las diferentes especialidades.<\/p><\/div><\/div>\t\t\t\t<\/div>\n\t\t\t\t<\/div>\n\t\t\t\t\t<\/div>\n\t\t<\/div>\n\t\t\t\t\t<\/div>\n\t\t<\/section>\n\t\t\t\t<section class=\"elementor-section elementor-inner-section elementor-element elementor-element-0e0a274 elementor-section-boxed elementor-section-height-default elementor-section-height-default\" data-id=\"0e0a274\" data-element_type=\"section\" data-e-type=\"section\">\n\t\t\t\t\t\t<div class=\"elementor-container elementor-column-gap-wider\">\n\t\t\t\t\t<div class=\"elementor-column elementor-col-50 elementor-inner-column elementor-element elementor-element-cfe041a\" data-id=\"cfe041a\" data-element_type=\"column\" data-e-type=\"column\">\n\t\t\t<div class=\"elementor-widget-wrap elementor-element-populated\">\n\t\t\t\t\t\t<div class=\"elementor-element elementor-element-9b21f8b elementor-position-left animated-slow elementor-vertical-align-top elementor-invisible elementor-widget elementor-widget-image-box\" data-id=\"9b21f8b\" data-element_type=\"widget\" data-e-type=\"widget\" data-settings=\"{&quot;_animation&quot;:&quot;fadeIn&quot;}\" data-widget_type=\"image-box.default\">\n\t\t\t\t<div class=\"elementor-widget-container\">\n\t\t\t\t\t<div class=\"elementor-image-box-wrapper\"><figure class=\"elementor-image-box-img\"><img loading=\"lazy\" decoding=\"async\" width=\"800\" height=\"800\" src=\"https:\/\/clinicavilarrasa.com\/wp-content\/uploads\/2021\/07\/DSC1796-1024x1024.jpg\" class=\"attachment-large size-large wp-image-2574\" alt=\"cl\u00ednica dental\" srcset=\"https:\/\/clinicavilarrasa.com\/wp-content\/uploads\/2021\/07\/DSC1796-1024x1024.jpg 1024w, https:\/\/clinicavilarrasa.com\/wp-content\/uploads\/2021\/07\/DSC1796-300x300.jpg 300w, https:\/\/clinicavilarrasa.com\/wp-content\/uploads\/2021\/07\/DSC1796-150x150.jpg 150w, https:\/\/clinicavilarrasa.com\/wp-content\/uploads\/2021\/07\/DSC1796-768x768.jpg 768w, https:\/\/clinicavilarrasa.com\/wp-content\/uploads\/2021\/07\/DSC1796-1536x1536.jpg 1536w, https:\/\/clinicavilarrasa.com\/wp-content\/uploads\/2021\/07\/DSC1796-2048x2048.jpg 2048w\" sizes=\"(max-width: 800px) 100vw, 800px\" \/><\/figure><div class=\"elementor-image-box-content\"><h3 class=\"elementor-image-box-title\">En la vanguardia de la tecnolog\u00eda<\/h3><p class=\"elementor-image-box-description\">Para que tu experiencia en la cl\u00ednica sea de lo m\u00e1s agradable, disponemos de la tecnolog\u00eda m\u00e1s puntera en el mercado odontol\u00f3gico. Desde radiograf\u00edas en 3D hasta el esc\u00e1ner intraoral, la cirug\u00eda piezoel\u00e9ctrica y las f\u00e9rulas guiadas.<\/p><\/div><\/div>\t\t\t\t<\/div>\n\t\t\t\t<\/div>\n\t\t\t\t\t<\/div>\n\t\t<\/div>\n\t\t\t\t<div class=\"elementor-column elementor-col-50 elementor-inner-column elementor-element elementor-element-43b7182\" data-id=\"43b7182\" data-element_type=\"column\" data-e-type=\"column\">\n\t\t\t<div class=\"elementor-widget-wrap elementor-element-populated\">\n\t\t\t\t\t\t<div class=\"elementor-element elementor-element-d0c92a1 elementor-position-left animated-slow elementor-vertical-align-top elementor-invisible elementor-widget elementor-widget-image-box\" data-id=\"d0c92a1\" data-element_type=\"widget\" data-e-type=\"widget\" data-settings=\"{&quot;_animation&quot;:&quot;fadeIn&quot;}\" data-widget_type=\"image-box.default\">\n\t\t\t\t<div class=\"elementor-widget-container\">\n\t\t\t\t\t<div class=\"elementor-image-box-wrapper\"><figure class=\"elementor-image-box-img\"><img loading=\"lazy\" decoding=\"async\" width=\"800\" height=\"800\" src=\"https:\/\/clinicavilarrasa.com\/wp-content\/uploads\/2021\/06\/tecnologia-1024x1024.jpg\" class=\"attachment-large size-large wp-image-969\" alt=\"\" srcset=\"https:\/\/clinicavilarrasa.com\/wp-content\/uploads\/2021\/06\/tecnologia.jpg 1024w, https:\/\/clinicavilarrasa.com\/wp-content\/uploads\/2021\/06\/tecnologia-300x300.jpg 300w, https:\/\/clinicavilarrasa.com\/wp-content\/uploads\/2021\/06\/tecnologia-150x150.jpg 150w, https:\/\/clinicavilarrasa.com\/wp-content\/uploads\/2021\/06\/tecnologia-768x768.jpg 768w\" sizes=\"(max-width: 800px) 100vw, 800px\" \/><\/figure><div class=\"elementor-image-box-content\"><h3 class=\"elementor-image-box-title\">Tratamientos de calidad y garant\u00eda<\/h3><p class=\"elementor-image-box-description\">Una correcta planificaci\u00f3n de los tratamientos y la utilizaci\u00f3n de materiales de excelente calidad permiten obtener unos resultados precisos y estables a largo plazo de los tratamientos dentales, periodontales, de ortodoncia y de implantes.<\/p><\/div><\/div>\t\t\t\t<\/div>\n\t\t\t\t<\/div>\n\t\t\t\t\t<\/div>\n\t\t<\/div>\n\t\t\t\t\t<\/div>\n\t\t<\/section>\n\t\t\t\t<section class=\"elementor-section elementor-inner-section elementor-element elementor-element-97905e0 elementor-section-boxed elementor-section-height-default elementor-section-height-default\" data-id=\"97905e0\" data-element_type=\"section\" data-e-type=\"section\">\n\t\t\t\t\t\t<div class=\"elementor-container elementor-column-gap-wider\">\n\t\t\t\t\t<div class=\"elementor-column elementor-col-50 elementor-inner-column elementor-element elementor-element-dc3e3b3\" data-id=\"dc3e3b3\" data-element_type=\"column\" data-e-type=\"column\">\n\t\t\t<div class=\"elementor-widget-wrap elementor-element-populated\">\n\t\t\t\t\t\t<div class=\"elementor-element elementor-element-fdc3b96 elementor-position-left animated-slow elementor-vertical-align-top elementor-invisible elementor-widget elementor-widget-image-box\" data-id=\"fdc3b96\" data-element_type=\"widget\" data-e-type=\"widget\" data-settings=\"{&quot;_animation&quot;:&quot;fadeIn&quot;}\" data-widget_type=\"image-box.default\">\n\t\t\t\t<div class=\"elementor-widget-container\">\n\t\t\t\t\t<div class=\"elementor-image-box-wrapper\"><figure class=\"elementor-image-box-img\"><img loading=\"lazy\" decoding=\"async\" width=\"398\" height=\"398\" src=\"https:\/\/clinicavilarrasa.com\/wp-content\/uploads\/2021\/06\/docencia.jpg\" class=\"attachment-large size-large wp-image-971\" alt=\"\" srcset=\"https:\/\/clinicavilarrasa.com\/wp-content\/uploads\/2021\/06\/docencia.jpg 398w, https:\/\/clinicavilarrasa.com\/wp-content\/uploads\/2021\/06\/docencia-300x300.jpg 300w, https:\/\/clinicavilarrasa.com\/wp-content\/uploads\/2021\/06\/docencia-150x150.jpg 150w\" sizes=\"(max-width: 398px) 100vw, 398px\" \/><\/figure><div class=\"elementor-image-box-content\"><h3 class=\"elementor-image-box-title\">Docencia y formaci\u00f3n continua<\/h3><p class=\"elementor-image-box-description\">La docencia y la formaci\u00f3n continua es una herramienta indispensable para ofrecer a nuestros pacientes los tratamientos m\u00e1s punteros y con mayor efectividad. Por este motivo, nuestros especialistas tambi\u00e9n ocupan su tiempo ejerciendo como docentes en sus respectivos campos en la universidad y en m\u00e1steres de renombre internacional.<\/p><\/div><\/div>\t\t\t\t<\/div>\n\t\t\t\t<\/div>\n\t\t\t\t\t<\/div>\n\t\t<\/div>\n\t\t\t\t<div class=\"elementor-column elementor-col-50 elementor-inner-column elementor-element elementor-element-05f5164\" data-id=\"05f5164\" data-element_type=\"column\" data-e-type=\"column\">\n\t\t\t<div class=\"elementor-widget-wrap elementor-element-populated\">\n\t\t\t\t\t\t<div class=\"elementor-element elementor-element-6831432 elementor-position-left animated-slow elementor-vertical-align-top elementor-invisible elementor-widget elementor-widget-image-box\" data-id=\"6831432\" data-element_type=\"widget\" data-e-type=\"widget\" data-settings=\"{&quot;_animation&quot;:&quot;fadeIn&quot;}\" data-widget_type=\"image-box.default\">\n\t\t\t\t<div class=\"elementor-widget-container\">\n\t\t\t\t\t<div class=\"elementor-image-box-wrapper\"><figure class=\"elementor-image-box-img\"><img loading=\"lazy\" decoding=\"async\" width=\"800\" height=\"800\" src=\"https:\/\/clinicavilarrasa.com\/wp-content\/uploads\/2021\/07\/contract-1464917_1280.jpg\" class=\"attachment-large size-large wp-image-2572\" alt=\"\" srcset=\"https:\/\/clinicavilarrasa.com\/wp-content\/uploads\/2021\/07\/contract-1464917_1280.jpg 853w, https:\/\/clinicavilarrasa.com\/wp-content\/uploads\/2021\/07\/contract-1464917_1280-300x300.jpg 300w, https:\/\/clinicavilarrasa.com\/wp-content\/uploads\/2021\/07\/contract-1464917_1280-150x150.jpg 150w, https:\/\/clinicavilarrasa.com\/wp-content\/uploads\/2021\/07\/contract-1464917_1280-768x768.jpg 768w\" sizes=\"(max-width: 800px) 100vw, 800px\" \/><\/figure><div class=\"elementor-image-box-content\"><h3 class=\"elementor-image-box-title\">Financiaci\u00f3n a tu medida<\/h3><p class=\"elementor-image-box-description\">En Vilarrasa Cl\u00ednica Dental nos adaptamos a la forma que m\u00e1s te convenga para abonar los tratamientos. Queremos que el motivo econ\u00f3mico no sea obst\u00e1culo en la realizaci\u00f3n del tratamiento odontol\u00f3gico que necesites. Por eso, ofrecemos la posibilidad de financiarlo.<\/p><\/div><\/div>\t\t\t\t<\/div>\n\t\t\t\t<\/div>\n\t\t\t\t\t<\/div>\n\t\t<\/div>\n\t\t\t\t\t<\/div>\n\t\t<\/section>\n\t\t\t\t\t<\/div>\n\t\t<\/div>\n\t\t\t\t\t<\/div>\n\t\t<\/section>\n\t\t\t\t<\/div>\n\t\t","protected":false},"excerpt":{"rendered":"<p>Nosotros Razones por las que nos escogen Ver video de presentaci\u00f3n Tradici\u00f3n familiar Somos una cl\u00ednica dental de tradici\u00f3n familiar que siempre hemos sido fieles a nuestros valores en todos nuestros a\u00f1os de trayectoria. Desde el a\u00f1o 1993 y durante m\u00e1s de dos d\u00e9cadas con el Dr. Jordi Vilarrasa Adam, como en la actualidad con [&hellip;]<\/p>\n","protected":false},"author":1,"featured_media":0,"parent":0,"menu_order":0,"comment_status":"closed","ping_status":"closed","template":"","meta":{"_acf_changed":false,"footnotes":""},"class_list":["post-3507","page","type-page","status-publish","hentry"],"acf":[],"_links":{"self":[{"href":"https:\/\/clinicavilarrasa.com\/es\/wp-json\/wp\/v2\/pages\/3507","targetHints":{"allow":["GET"]}}],"collection":[{"href":"https:\/\/clinicavilarrasa.com\/es\/wp-json\/wp\/v2\/pages"}],"about":[{"href":"https:\/\/clinicavilarrasa.com\/es\/wp-json\/wp\/v2\/types\/page"}],"author":[{"embeddable":true,"href":"https:\/\/clinicavilarrasa.com\/es\/wp-json\/wp\/v2\/users\/1"}],"replies":[{"embeddable":true,"href":"https:\/\/clinicavilarrasa.com\/es\/wp-json\/wp\/v2\/comments?post=3507"}],"version-history":[{"count":0,"href":"https:\/\/clinicavilarrasa.com\/es\/wp-json\/wp\/v2\/pages\/3507\/revisions"}],"wp:attachment":[{"href":"https:\/\/clinicavilarrasa.com\/es\/wp-json\/wp\/v2\/media?parent=3507"}],"curies":[{"name":"wp","href":"https:\/\/api.w.org\/{rel}","templated":true}]}}